{"id":2255,"date":"2020-05-03T18:45:43","date_gmt":"2020-05-03T18:45:43","guid":{"rendered":"https:\/\/us.sahajayoga.org\/?page_id=2255"},"modified":"2023-05-31T17:31:29","modified_gmt":"2023-05-31T17:31:29","slug":"relieving-emotional-problems","status":"publish","type":"page","link":"https:\/\/us.sahajayoga.org\/es\/relieving-emotional-problems\/","title":{"rendered":"Alivia los Problemas Emocionales"},"content":{"rendered":"<section class=\"wp-block-uagb-columns uagb-columns__wrap uagb-columns__background-image uagb-columns__stack-mobile uagb-columns__valign- uagb-columns__gap-10 align uagb-block-166b66cd uagb-columns__columns-1 uagb-columns__max_width-theme\"><div class=\"uagb-columns__overlay\"><\/div><div class=\"uagb-columns__inner-wrap uagb-columns__columns-1\">\n<div class=\"wp-block-uagb-column uagb-column__wrap uagb-column__background-undefined uagb-block-de1d724e\"><div class=\"uagb-column__overlay\"><\/div>\n<div class=\"wp-block-columns is-layout-flex wp-container-core-columns-is-layout-28f84493 wp-block-columns-is-layout-flex\">\n<div class=\"wp-block-column is-layout-flow wp-block-column-is-layout-flow\" style=\"flex-basis:66.66%\">\n<div class=\"wp-block-uagb-info-box uagb-block-09db84b4 uagb-infobox__content-wrap  uagb-infobox-icon-above-title uagb-infobox-image-valign-top\"><div class=\"uagb-ifb-content\"><div class=\"uagb-ifb-title-wrap\"><h2 class=\"uagb-ifb-title\">SUPERA LAS EMOCIONES NEGATIVAS<\/h2><\/div><div class=\"uagb-ifb-separator\"><\/div><\/div><\/div>\n<\/div>\n\n\n\n<div class=\"wp-block-column is-layout-flow wp-block-column-is-layout-flow\" style=\"flex-basis:33.33%\"><\/div>\n<\/div>\n\n\n\n<p><\/p>\n<\/div>\n<\/div><div class=\"uagb-columns__shape uagb-columns__shape-bottom\" data-negative=\"false\"><svg xmlns=\"https:\/\/www.w3.org\/2000\/svg\" viewbox=\"0 0 1000 100\" preserveaspectratio=\"none\"><path class=\"uagb-columns__shape-fill\" opacity=\"0.33\" d=\"M473,67.3c-203.9,88.3-263.1-34-320.3,0C66,119.1,0,59.7,0,59.7V0h1000v59.7 c0,0-62.1,26.1-94.9,29.3c-32.8,3.3-62.8-12.3-75.8-22.1C806,49.6,745.3,8.7,694.9,4.7S492.4,59,473,67.3z\"><\/path><path class=\"uagb-columns__shape-fill\" opacity=\"0.66\" d=\"M734,67.3c-45.5,0-77.2-23.2-129.1-39.1c-28.6-8.7-150.3-10.1-254,39.1 s-91.7-34.4-149.2,0C115.7,118.3,0,39.8,0,39.8V0h1000v36.5c0,0-28.2-18.5-92.1-18.5C810.2,18.1,775.7,67.3,734,67.3z\"><\/path><path class=\"uagb-columns__shape-fill\" d=\"M766.1,28.9c-200-57.5-266,65.5-395.1,19.5C242,1.8,242,5.4,184.8,20.6C128,35.8,132.3,44.9,89.9,52.5C28.6,63.7,0,0,0,0 h1000c0,0-9.9,40.9-83.6,48.1S829.6,47,766.1,28.9z\"><\/path><\/svg><\/div><\/section>\n\n\n\n<section class=\"wp-block-uagb-columns uagb-columns__wrap uagb-columns__background-none uagb-columns__stack-mobile uagb-columns__valign- uagb-columns__gap-10 align uagb-block-2bebb5b0 uagb-columns__columns-2 uagb-columns__max_width-theme\"><div class=\"uagb-columns__overlay\"><\/div><div class=\"uagb-columns__inner-wrap uagb-columns__columns-2\">\n<div class=\"wp-block-uagb-column uagb-column__wrap uagb-column__background-undefined uagb-block-e80c2888\"><div class=\"uagb-column__overlay\"><\/div>\n<div class=\"wp-block-uagb-advanced-heading uagb-block-8b9bbe73\"><h3 class=\"uagb-heading-text\">SUPERA LAS EMOCIONES NEGATIVAS<\/h3><div class=\"uagb-separator\"><\/div><\/div>\n\n\n\n<p><span style=\"color:#6c6b6b\" class=\"tadv-color\">A veces, nuestros pensamientos nos consumen y pensamos obsesivamente acerca de las cosas que han sucedido. Deseamos que eventos pasados hubieran sido diferentes y dejamos que nuestras emociones nos hagan imaginar otros resultados. Podemos sentirnos felices, seguros y generosos o tristes, dudosos, desconfiados y celosos. Estas emociones son temporales y muy a menudo son el resultado de nuestro enfoque en el pasado.&nbsp;<\/span><\/p>\n<\/div>\n\n\n\n<div class=\"wp-block-uagb-column uagb-column__wrap uagb-column__background-undefined uagb-block-a1f24f1d\"><div class=\"uagb-column__overlay\"><\/div>\n<figure class=\"wp-block-image size-large\"><img loading=\"lazy\" decoding=\"async\" width=\"1024\" height=\"579\" src=\"https:\/\/us.sahajayoga.org\/wp-content\/uploads\/2022\/10\/pocket-watch-anncapictures-3156771_1920-72-dpi-1024x579.jpg\" alt=\"\" class=\"wp-image-7666\" srcset=\"https:\/\/us.sahajayoga.org\/wp-content\/uploads\/2022\/10\/pocket-watch-anncapictures-3156771_1920-72-dpi-1024x579.jpg 1024w, https:\/\/us.sahajayoga.org\/wp-content\/uploads\/2022\/10\/pocket-watch-anncapictures-3156771_1920-72-dpi-300x170.jpg 300w, https:\/\/us.sahajayoga.org\/wp-content\/uploads\/2022\/10\/pocket-watch-anncapictures-3156771_1920-72-dpi-768x434.jpg 768w, https:\/\/us.sahajayoga.org\/wp-content\/uploads\/2022\/10\/pocket-watch-anncapictures-3156771_1920-72-dpi-18x10.jpg 18w, https:\/\/us.sahajayoga.org\/wp-content\/uploads\/2022\/10\/pocket-watch-anncapictures-3156771_1920-72-dpi.jpg 1500w\" sizes=\"auto, (max-width: 1024px) 100vw, 1024px\" \/><\/figure>\n<\/div>\n<\/div><\/section>\n\n\n\n<section class=\"wp-block-uagb-section uagb-section__wrap uagb-section__background-color uagb-block-d6613108\"><div class=\"uagb-section__overlay\"><\/div><div class=\"uagb-section__inner-wrap\">\n<figure class=\"wp-block-image aligncenter size-large is-resized\"><img decoding=\"async\" src=\"https:\/\/us.sahajayoga.org\/wp-content\/uploads\/2022\/05\/Quote-9-Everything-becomes-perfect-as-soon-as-you-perfect-yourself.-Shri-Mataji-1-1024x327.png\" alt=\"\" class=\"wp-image-7211\" width=\"500\" srcset=\"https:\/\/us.sahajayoga.org\/wp-content\/uploads\/2022\/05\/Quote-9-Everything-becomes-perfect-as-soon-as-you-perfect-yourself.-Shri-Mataji-1-1024x327.png 1024w, https:\/\/us.sahajayoga.org\/wp-content\/uploads\/2022\/05\/Quote-9-Everything-becomes-perfect-as-soon-as-you-perfect-yourself.-Shri-Mataji-1-300x96.png 300w, https:\/\/us.sahajayoga.org\/wp-content\/uploads\/2022\/05\/Quote-9-Everything-becomes-perfect-as-soon-as-you-perfect-yourself.-Shri-Mataji-1-768x245.png 768w, https:\/\/us.sahajayoga.org\/wp-content\/uploads\/2022\/05\/Quote-9-Everything-becomes-perfect-as-soon-as-you-perfect-yourself.-Shri-Mataji-1-16x5.png 16w, https:\/\/us.sahajayoga.org\/wp-content\/uploads\/2022\/05\/Quote-9-Everything-becomes-perfect-as-soon-as-you-perfect-yourself.-Shri-Mataji-1.png 1152w\" sizes=\"(max-width: 1024px) 100vw, 1024px\" \/><\/figure>\n<\/div><\/section>\n\n\n\n<section class=\"wp-block-uagb-columns uagb-columns__wrap uagb-columns__background-none uagb-columns__stack-mobile uagb-columns__valign- uagb-columns__gap-10 align uagb-block-3a05a466 uagb-columns__columns-1 uagb-columns__max_width-theme\"><div class=\"uagb-columns__overlay\"><\/div><div class=\"uagb-columns__inner-wrap uagb-columns__columns-1\">\n<div class=\"wp-block-uagb-column uagb-column__wrap uagb-column__background-undefined uagb-block-7a69e1e5\"><div class=\"uagb-column__overlay\"><\/div>\n<div class=\"wp-block-uagb-advanced-heading uagb-block-74a9b514\"><h3 class=\"uagb-heading-text\">NOS SUCEDE A TODOS<\/h3><div class=\"uagb-separator\"><\/div><p class=\"uagb-desc-text\">La soledad, ansiedad y la depresi\u00f3n, son enfermedades comunes hoy en d\u00eda. Los sistemas tradicionales de apoyo como los lazos familiares se han debilitado en la sociedad actual. Si a veces te sientes abrumado, culpable o con miedo, meditar te ayuda a superar este tipo de problemas.<\/p><\/div>\n<\/div>\n<\/div><\/section>\n\n\n\n<hr class=\"wp-block-separator has-text-color has-very-light-gray-color has-css-opacity has-very-light-gray-background-color has-background is-style-wide\"\/>\n\n\n\n<section class=\"wp-block-uagb-columns uagb-columns__wrap uagb-columns__background-none uagb-columns__stack-mobile uagb-columns__valign- uagb-columns__gap-10 align uagb-block-30de0189 uagb-columns__columns-2 uagb-columns__max_width-theme\"><div class=\"uagb-columns__overlay\"><\/div><div class=\"uagb-columns__inner-wrap uagb-columns__columns-2\">\n<div class=\"wp-block-uagb-column uagb-column__wrap uagb-column__background-undefined uagb-block-ce9c239f\"><div class=\"uagb-column__overlay\"><\/div>\n<div class=\"wp-block-uagb-advanced-heading uagb-block-162f798a\"><h3 class=\"uagb-heading-text\">MEDITAR PARA RESOLVER PROBLEMAS EMOCIONALES<\/h3><div class=\"uagb-separator\"><\/div><\/div>\n\n\n\n<p><span style=\"color:#6c6b6b\" class=\"tadv-color\">En la Meditaci\u00f3n Sahaja Yoga, explicamos que los problemas emocionales surgen de los desequilibrios del <a rel=\"noreferrer noopener\" href=\"https:\/\/us.sahajayoga.org\/es\/nadis\/#left-channel\" target=\"_blank\">canal izquierdo<\/a>. La atenci\u00f3n en el pasado puede hacernos let\u00e1rgicos causando falta de motivaci\u00f3n y falta de energ\u00eda para la actividad f\u00edsica impactando nuestro <a rel=\"noreferrer noopener\" href=\"https:\/\/us.sahajayoga.org\/es\/chakras\/#subtle-system\" target=\"_blank\">sistema sutil<\/a>. Esto nos lleva a un enfriamiento del canal izquierdo que agudiza emociones negativas, aisl\u00e1ndonos y cerrando nuestros corazones y mentes a pensamientos y emociones positivas. Afortunadamente, el canal izquierdo se puede equilibrar a trav\u00e9s de la meditaci\u00f3n. El primer paso es recibir la <a href=\"https:\/\/us.sahajayoga.org\/es\/self-realization\/\">Realizaci\u00f3n del Ser<\/a>, y luego aprender las t\u00e9cnicas apropiadas para equilibrar tu lado izquierdo.&nbsp;<\/span><\/p>\n<\/div>\n\n\n\n<div class=\"wp-block-uagb-column uagb-column__wrap uagb-column__background-undefined uagb-block-7d0da12e\"><div class=\"uagb-column__overlay\"><\/div>\n<figure class=\"wp-block-image size-large\"><img loading=\"lazy\" decoding=\"async\" width=\"960\" height=\"541\" src=\"https:\/\/us.sahajayoga.org\/wp-content\/uploads\/2020\/05\/Meditating-garden.jpg\" alt=\"\" class=\"wp-image-4232\" srcset=\"https:\/\/us.sahajayoga.org\/wp-content\/uploads\/2020\/05\/Meditating-garden.jpg 960w, https:\/\/us.sahajayoga.org\/wp-content\/uploads\/2020\/05\/Meditating-garden-300x169.jpg 300w, https:\/\/us.sahajayoga.org\/wp-content\/uploads\/2020\/05\/Meditating-garden-768x433.jpg 768w, https:\/\/us.sahajayoga.org\/wp-content\/uploads\/2020\/05\/Meditating-garden-600x338.jpg 600w\" sizes=\"auto, (max-width: 960px) 100vw, 960px\" \/><\/figure>\n\n\n\n<p><\/p>\n<\/div>\n<\/div><\/section>\n\n\n\n<div class=\"wp-block-columns is-layout-flex wp-container-core-columns-is-layout-28f84493 wp-block-columns-is-layout-flex\">\n<div class=\"wp-block-column is-layout-flow wp-block-column-is-layout-flow\"><\/div>\n\n\n\n<div class=\"wp-block-column is-layout-flow wp-block-column-is-layout-flow\">\n<div class=\"wp-block-buttons is-content-justification-center is-layout-flex wp-container-core-buttons-is-layout-a89b3969 wp-block-buttons-is-layout-flex\">\n<div class=\"wp-block-button primary-button\"><a class=\"wp-block-button__link has-background wp-element-button\" href=\"https:\/\/us.sahajayoga.org\/es\/get-started\/\" style=\"background-color:#54703f\" target=\"_blank\" rel=\"noreferrer noopener\">EXPERIM\u00c9NTALO AHORA<\/a><\/div>\n<\/div>\n<\/div>\n\n\n\n<div class=\"wp-block-column is-layout-flow wp-block-column-is-layout-flow\"><\/div>\n<\/div>\n\n\n\n<section class=\"wp-block-uagb-columns uagb-columns__wrap uagb-columns__background-color uagb-columns__stack-mobile uagb-columns__valign- uagb-columns__gap-10 align uagb-block-76c2e897 uagb-columns__columns-1 uagb-columns__max_width-theme\"><div class=\"uagb-columns__overlay\"><\/div><div class=\"uagb-columns__shape uagb-columns__shape-top uagb-columns__shape-above-content\"><svg xmlns=\"https:\/\/www.w3.org\/2000\/svg\" viewbox=\"0 0 1000 100\" preserveaspectratio=\"none\"><path class=\"uagb-columns__shape-fill\" opacity=\"0.33\" d=\"M473,67.3c-203.9,88.3-263.1-34-320.3,0C66,119.1,0,59.7,0,59.7V0h1000v59.7 c0,0-62.1,26.1-94.9,29.3c-32.8,3.3-62.8-12.3-75.8-22.1C806,49.6,745.3,8.7,694.9,4.7S492.4,59,473,67.3z\"><\/path><path class=\"uagb-columns__shape-fill\" opacity=\"0.66\" d=\"M734,67.3c-45.5,0-77.2-23.2-129.1-39.1c-28.6-8.7-150.3-10.1-254,39.1 s-91.7-34.4-149.2,0C115.7,118.3,0,39.8,0,39.8V0h1000v36.5c0,0-28.2-18.5-92.1-18.5C810.2,18.1,775.7,67.3,734,67.3z\"><\/path><path class=\"uagb-columns__shape-fill\" d=\"M766.1,28.9c-200-57.5-266,65.5-395.1,19.5C242,1.8,242,5.4,184.8,20.6C128,35.8,132.3,44.9,89.9,52.5C28.6,63.7,0,0,0,0 h1000c0,0-9.9,40.9-83.6,48.1S829.6,47,766.1,28.9z\"><\/path><\/svg><\/div><div class=\"uagb-columns__inner-wrap uagb-columns__columns-1\">\n<div class=\"wp-block-uagb-column uagb-column__wrap uagb-column__background-undefined uagb-block-91a9ddd7\"><div class=\"uagb-column__overlay\"><\/div>\n<p class=\"has-white-color has-text-color\">Sahaja Yoga se practica en todo el mundo. Las clases de meditaci\u00f3n se ofrecen siempre sin costo alguno y son conducidas por practicantes experimentados que ofrecen su tiempo para compartir lo que han aprendido.<\/p>\n\n\n\n<div class=\"wp-block-columns is-layout-flex wp-container-core-columns-is-layout-cc9f741c wp-block-columns-is-layout-flex\" style=\"margin-top:60px;margin-bottom:0px;padding-top:0px;padding-right:0px;padding-bottom:0px;padding-left:0px\">\n<div class=\"wp-block-column is-layout-flow wp-block-column-is-layout-flow\" style=\"flex-basis:49.8%\">\n<figure class=\"wp-block-image size-full is-resized\"><a href=\"https:\/\/us.sahajayoga.org\/es\/\"><img decoding=\"async\" src=\"https:\/\/us.sahajayoga.org\/wp-content\/uploads\/2022\/10\/SYM-logo-all-white.png\" alt=\"\" class=\"wp-image-7873\" width=\"221\" srcset=\"https:\/\/us.sahajayoga.org\/wp-content\/uploads\/2022\/10\/SYM-logo-all-white.png 719w, https:\/\/us.sahajayoga.org\/wp-content\/uploads\/2022\/10\/SYM-logo-all-white-300x59.png 300w, https:\/\/us.sahajayoga.org\/wp-content\/uploads\/2022\/10\/SYM-logo-all-white-18x4.png 18w\" sizes=\"(max-width: 719px) 100vw, 719px\" \/><\/a><\/figure>\n<\/div>\n\n\n\n<div class=\"wp-block-column is-layout-flow wp-block-column-is-layout-flow\" style=\"flex-basis:285px\">\n<figure class=\"wp-block-image size-full is-resized\"><a href=\"https:\/\/www.meetup.com\/sahaja-yoga-usa\/\" target=\"_blank\" rel=\"noreferrer noopener\"><img decoding=\"async\" src=\"https:\/\/us.sahajayoga.org\/wp-content\/uploads\/2022\/10\/Join-Our-Meetup-Button-2.png\" alt=\"\" class=\"wp-image-8306\" width=\"221\" srcset=\"https:\/\/us.sahajayoga.org\/wp-content\/uploads\/2022\/10\/Join-Our-Meetup-Button-2.png 442w, https:\/\/us.sahajayoga.org\/wp-content\/uploads\/2022\/10\/Join-Our-Meetup-Button-2-300x60.png 300w, https:\/\/us.sahajayoga.org\/wp-content\/uploads\/2022\/10\/Join-Our-Meetup-Button-2-18x4.png 18w\" sizes=\"(max-width: 442px) 100vw, 442px\" \/><\/a><\/figure>\n<\/div>\n\n\n\n<div class=\"wp-block-column is-layout-flow wp-block-column-is-layout-flow\" style=\"flex-basis:20%\">\n<figure class=\"wp-block-image size-full is-resized\"><a href=\"https:\/\/us.sahajayoga.org\/es\/contact-us\/\"><img decoding=\"async\" src=\"https:\/\/us.sahajayoga.org\/wp-content\/uploads\/2022\/10\/Contact-Us-Button.png\" alt=\"\" class=\"wp-image-8305\" width=\"221\" srcset=\"https:\/\/us.sahajayoga.org\/wp-content\/uploads\/2022\/10\/Contact-Us-Button.png 442w, https:\/\/us.sahajayoga.org\/wp-content\/uploads\/2022\/10\/Contact-Us-Button-300x60.png 300w, https:\/\/us.sahajayoga.org\/wp-content\/uploads\/2022\/10\/Contact-Us-Button-18x4.png 18w\" sizes=\"(max-width: 442px) 100vw, 442px\" \/><\/a><\/figure>\n<\/div>\n<\/div>\n<\/div>\n<\/div><\/section>","protected":false},"excerpt":{"rendered":"<p>EMOTIONS ARISE FROM PAST ACTIONS Sometimes, we languish in our thoughts. We ruminate over things that have happened. We imagine possible pasts that never took place. We are emotional beings. We can feel happy, confident, trusting, and generous. We can also feel sad, hesitant, suspicious, and jealous. These emotions are temporary, and often a result [&hellip;]<\/p>","protected":false},"author":2,"featured_media":0,"parent":0,"menu_order":0,"comment_status":"closed","ping_status":"closed","template":"","meta":{"_uag_custom_page_level_css":"","site-sidebar-layout":"no-sidebar","site-content-layout":"page-builder","ast-site-content-layout":"default","site-content-style":"default","site-sidebar-style":"default","ast-global-header-display":"","ast-banner-title-visibility":"","ast-main-header-display":"","ast-hfb-above-header-display":"","ast-hfb-below-header-display":"","ast-hfb-mobile-header-display":"","site-post-title":"disabled","ast-breadcrumbs-content":"","ast-featured-img":"disabled","footer-sml-layout":"","theme-transparent-header-meta":"default","adv-header-id-meta":"","stick-header-meta":"","header-above-stick-meta":"","header-main-stick-meta":"","header-below-stick-meta":"","astra-migrate-meta-layouts":"default","ast-page-background-enabled":"default","ast-page-background-meta":{"desktop":{"background-color":"","background-image":"","background-repeat":"repeat","background-position":"center center","background-size":"auto","background-attachment":"scroll","background-type":"","background-media":"","overlay-type":"","overlay-color":"","overlay-opacity":"","overlay-gradient":""},"tablet":{"background-color":"","background-image":"","background-repeat":"repeat","background-position":"center center","background-size":"auto","background-attachment":"scroll","background-type":"","background-media":"","overlay-type":"","overlay-color":"","overlay-opacity":"","overlay-gradient":""},"mobile":{"background-color":"","background-image":"","background-repeat":"repeat","background-position":"center center","background-size":"auto","background-attachment":"scroll","background-type":"","background-media":"","overlay-type":"","overlay-color":"","overlay-opacity":"","overlay-gradient":""}},"ast-content-background-meta":{"desktop":{"background-color":"var(--ast-global-color-5)","background-image":"","background-repeat":"repeat","background-position":"center center","background-size":"auto","background-attachment":"scroll","background-type":"","background-media":"","overlay-type":"","overlay-color":"","overlay-opacity":"","overlay-gradient":""},"tablet":{"background-color":"var(--ast-global-color-5)","background-image":"","background-repeat":"repeat","background-position":"center center","background-size":"auto","background-attachment":"scroll","background-type":"","background-media":"","overlay-type":"","overlay-color":"","overlay-opacity":"","overlay-gradient":""},"mobile":{"background-color":"var(--ast-global-color-5)","background-image":"","background-repeat":"repeat","background-position":"center center","background-size":"auto","background-attachment":"scroll","background-type":"","background-media":"","overlay-type":"","overlay-color":"","overlay-opacity":"","overlay-gradient":""}},"footnotes":""},"class_list":["post-2255","page","type-page","status-publish","hentry"],"uagb_featured_image_src":{"full":false,"thumbnail":false,"medium":false,"medium_large":false,"large":false,"1536x1536":false,"2048x2048":false,"trp-custom-language-flag":false},"uagb_author_info":{"display_name":"Harsh Choudhary","author_link":"https:\/\/us.sahajayoga.org\/es\/author\/harsh\/"},"uagb_comment_info":0,"uagb_excerpt":"EMOTIONS ARISE FROM PAST ACTIONS Sometimes, we languish in our thoughts. We ruminate over things that have happened. We imagine possible pasts that never took place. We are emotional beings. We can feel happy, confident, trusting, and generous. We can also feel sad, hesitant, suspicious, and jealous. These emotions are temporary, and often a result&hellip;","_links":{"self":[{"href":"https:\/\/us.sahajayoga.org\/es\/wp-json\/wp\/v2\/pages\/2255","targetHints":{"allow":["GET"]}}],"collection":[{"href":"https:\/\/us.sahajayoga.org\/es\/wp-json\/wp\/v2\/pages"}],"about":[{"href":"https:\/\/us.sahajayoga.org\/es\/wp-json\/wp\/v2\/types\/page"}],"author":[{"embeddable":true,"href":"https:\/\/us.sahajayoga.org\/es\/wp-json\/wp\/v2\/users\/2"}],"replies":[{"embeddable":true,"href":"https:\/\/us.sahajayoga.org\/es\/wp-json\/wp\/v2\/comments?post=2255"}],"version-history":[{"count":10,"href":"https:\/\/us.sahajayoga.org\/es\/wp-json\/wp\/v2\/pages\/2255\/revisions"}],"predecessor-version":[{"id":14287,"href":"https:\/\/us.sahajayoga.org\/es\/wp-json\/wp\/v2\/pages\/2255\/revisions\/14287"}],"wp:attachment":[{"href":"https:\/\/us.sahajayoga.org\/es\/wp-json\/wp\/v2\/media?parent=2255"}],"curies":[{"name":"wp","href":"https:\/\/api.w.org\/{rel}","templated":true}]}}