{"id":1789,"date":"2020-04-25T15:38:37","date_gmt":"2020-04-25T15:38:37","guid":{"rendered":"https:\/\/us.sahajayoga.org\/?page_id=1789"},"modified":"2023-06-19T18:40:40","modified_gmt":"2023-06-19T18:40:40","slug":"realize-your-purpose","status":"publish","type":"page","link":"https:\/\/us.sahajayoga.org\/es\/realize-your-purpose\/","title":{"rendered":"Realiza Tu prop\u00f3sito"},"content":{"rendered":"<section class=\"wp-block-uagb-columns uagb-columns__wrap uagb-columns__background-image uagb-columns__stack-mobile uagb-columns__valign- uagb-columns__gap-10 align uagb-block-666516bd uagb-columns__columns-1 uagb-columns__max_width-theme\"><div class=\"uagb-columns__overlay\"><\/div><div class=\"uagb-columns__inner-wrap uagb-columns__columns-1\">\n<div class=\"wp-block-uagb-column uagb-column__wrap uagb-column__background-undefined uagb-block-365e1f41\"><div class=\"uagb-column__overlay\"><\/div>\n<div class=\"wp-block-uagb-advanced-heading uagb-block-2a7a4dfc\"><h6 class=\"uagb-heading-text\">ALCANZA TU PROP\u00d3SITO<\/h6><\/div>\n\n\n\n<div class=\"wp-block-uagb-info-box uagb-block-ed8e71d8 uagb-infobox__content-wrap  uagb-infobox-icon-above-title uagb-infobox-image-valign-top\"><div class=\"uagb-ifb-content\"><div class=\"uagb-ifb-title-wrap\"><\/div><div class=\"uagb-ifb-separator\"><\/div><div class=\"uagb-ifb-button-wrapper wp-block-button\"><a href=\"https:\/\/us.sahajayoga.org\/es\/get-started\/\" class=\"uagb-infobox-cta-link wp-block-button__link\" target=\"_self\" rel=\"noopener noreferrer\" onclick=\"return true;\" alt=\"\"><span class=\"uagb-inline-editing\">Find Yours<\/span><\/a><\/div><\/div><\/div>\n<\/div>\n<\/div><div class=\"uagb-columns__shape uagb-columns__shape-bottom\" data-negative=\"false\"><svg xmlns=\"https:\/\/www.w3.org\/2000\/svg\" viewbox=\"0 0 1000 100\" preserveaspectratio=\"none\"><path class=\"uagb-columns__shape-fill\" opacity=\"0.33\" d=\"M473,67.3c-203.9,88.3-263.1-34-320.3,0C66,119.1,0,59.7,0,59.7V0h1000v59.7 c0,0-62.1,26.1-94.9,29.3c-32.8,3.3-62.8-12.3-75.8-22.1C806,49.6,745.3,8.7,694.9,4.7S492.4,59,473,67.3z\"><\/path><path class=\"uagb-columns__shape-fill\" opacity=\"0.66\" d=\"M734,67.3c-45.5,0-77.2-23.2-129.1-39.1c-28.6-8.7-150.3-10.1-254,39.1 s-91.7-34.4-149.2,0C115.7,118.3,0,39.8,0,39.8V0h1000v36.5c0,0-28.2-18.5-92.1-18.5C810.2,18.1,775.7,67.3,734,67.3z\"><\/path><path class=\"uagb-columns__shape-fill\" d=\"M766.1,28.9c-200-57.5-266,65.5-395.1,19.5C242,1.8,242,5.4,184.8,20.6C128,35.8,132.3,44.9,89.9,52.5C28.6,63.7,0,0,0,0 h1000c0,0-9.9,40.9-83.6,48.1S829.6,47,766.1,28.9z\"><\/path><\/svg><\/div><\/section>\n\n\n\n<section class=\"wp-block-uagb-columns uagb-columns__wrap uagb-columns__background-none uagb-columns__stack-mobile uagb-columns__valign- uagb-columns__gap-10 align uagb-block-fcbf792a uagb-columns__columns-2 uagb-columns__max_width-theme\"><div class=\"uagb-columns__overlay\"><\/div><div class=\"uagb-columns__inner-wrap uagb-columns__columns-2\">\n<div class=\"wp-block-uagb-column uagb-column__wrap uagb-column__background-undefined uagb-block-c79019ba\"><div class=\"uagb-column__overlay\"><\/div>\n<div class=\"wp-block-uagb-advanced-heading uagb-block-4676f212\"><h3 class=\"uagb-heading-text\">\u00bfCUAL ES TU PROP\u00d3SITO?<\/h3><div class=\"uagb-separator\"><\/div><\/div>\n\n\n\n<p class=\"has-text-color\" style=\"color:#6c6b6b\">Muchos de nosotros en alg\u00fan momento de nuestras vidas nos hemos sentido sin rumbo.  Tal vez por alg\u00fan evento extraordinario como la p\u00e9rdida de un ser querido, la p\u00e9rdida de un empleo o medio de sustento, o por el impacto f\u00edsico y emocional de una enfermedad.  Estas situaciones nos pueden hacer perder de vista nuestro prop\u00f3sito.&nbsp;<\/p>\n\n\n\n<p class=\"has-text-color\" style=\"color:#6c6b6b\">Por ejemplo, tal vez tu prop\u00f3sito es tener una carrera profesional exitosa. Tal vez deseas ser el mejor vendedor en tu compa\u00f1\u00eda y usar la bonificaci\u00f3n de ese triunfo para comprar una casa vacacional.  En este caso, perder el trabajo no solo afecta tu seguridad econ\u00f3mica sino que te puede hacer sentir incapaz de lograr tu meta.  O tambi\u00e9n puedes estar muy unido a tu pareja, y sentir que tu prop\u00f3sito depende de estar con esa persona. En este caso, la p\u00e9rdida de esa pareja puede ser devastadora.<\/p>\n<\/div>\n\n\n\n<div class=\"wp-block-uagb-column uagb-column__wrap uagb-column__background-undefined uagb-block-35371fff\"><div class=\"uagb-column__overlay\"><\/div>\n<figure class=\"wp-block-image size-large\"><img loading=\"lazy\" decoding=\"async\" width=\"1024\" height=\"576\" src=\"https:\/\/us.sahajayoga.org\/wp-content\/uploads\/2023\/05\/Blue-Butterfly-green-branch-web-1024x576.jpg\" alt=\"\" class=\"wp-image-13937\" srcset=\"https:\/\/us.sahajayoga.org\/wp-content\/uploads\/2023\/05\/Blue-Butterfly-green-branch-web-1024x576.jpg 1024w, https:\/\/us.sahajayoga.org\/wp-content\/uploads\/2023\/05\/Blue-Butterfly-green-branch-web-300x169.jpg 300w, https:\/\/us.sahajayoga.org\/wp-content\/uploads\/2023\/05\/Blue-Butterfly-green-branch-web-768x432.jpg 768w, https:\/\/us.sahajayoga.org\/wp-content\/uploads\/2023\/05\/Blue-Butterfly-green-branch-web-18x10.jpg 18w, https:\/\/us.sahajayoga.org\/wp-content\/uploads\/2023\/05\/Blue-Butterfly-green-branch-web.jpg 1093w\" sizes=\"auto, (max-width: 1024px) 100vw, 1024px\" \/><\/figure>\n<\/div>\n<\/div><\/section>\n\n\n\n<section class=\"wp-block-uagb-section uagb-section__wrap uagb-section__background-color uagb-block-3ffaef8c\"><div class=\"uagb-section__overlay\"><\/div><div class=\"uagb-section__inner-wrap\">\n<figure class=\"wp-block-image aligncenter size-large is-resized\"><img decoding=\"async\" src=\"https:\/\/us.sahajayoga.org\/wp-content\/uploads\/2022\/05\/Quote-10-The-two-most-important-days-in-your-life-are-the-day-you-are-born-and-the-day-you-find-out-why.-MARK-TWAIN-2-1024x359.png\" alt=\"\" class=\"wp-image-7226\" width=\"600\" srcset=\"https:\/\/us.sahajayoga.org\/wp-content\/uploads\/2022\/05\/Quote-10-The-two-most-important-days-in-your-life-are-the-day-you-are-born-and-the-day-you-find-out-why.-MARK-TWAIN-2-1024x359.png 1024w, https:\/\/us.sahajayoga.org\/wp-content\/uploads\/2022\/05\/Quote-10-The-two-most-important-days-in-your-life-are-the-day-you-are-born-and-the-day-you-find-out-why.-MARK-TWAIN-2-300x105.png 300w, https:\/\/us.sahajayoga.org\/wp-content\/uploads\/2022\/05\/Quote-10-The-two-most-important-days-in-your-life-are-the-day-you-are-born-and-the-day-you-find-out-why.-MARK-TWAIN-2-768x270.png 768w, https:\/\/us.sahajayoga.org\/wp-content\/uploads\/2022\/05\/Quote-10-The-two-most-important-days-in-your-life-are-the-day-you-are-born-and-the-day-you-find-out-why.-MARK-TWAIN-2-16x6.png 16w, https:\/\/us.sahajayoga.org\/wp-content\/uploads\/2022\/05\/Quote-10-The-two-most-important-days-in-your-life-are-the-day-you-are-born-and-the-day-you-find-out-why.-MARK-TWAIN-2.png 1282w\" sizes=\"(max-width: 1024px) 100vw, 1024px\" \/><\/figure>\n<\/div><\/section>\n\n\n\n<section class=\"wp-block-uagb-columns uagb-columns__wrap uagb-columns__background-none uagb-columns__stack-mobile uagb-columns__valign- uagb-columns__gap-10 align uagb-block-1488f663 uagb-columns__columns-2 uagb-columns__max_width-theme\"><div class=\"uagb-columns__overlay\"><\/div><div class=\"uagb-columns__inner-wrap uagb-columns__columns-2\">\n<div class=\"wp-block-uagb-column uagb-column__wrap uagb-column__background-undefined uagb-block-681b0cf0\"><div class=\"uagb-column__overlay\"><\/div>\n<div class=\"wp-block-uagb-advanced-heading uagb-block-5603d829\"><h3 class=\"uagb-heading-text\">Los dos d\u00edas m\u00e1s importantes en tu vida son el d\u00eda que naciste y el d\u00eda que supiste por qu\u00e9.<\/h3><div class=\"uagb-separator\"><\/div><p class=\"uagb-desc-text\"><span style=\"color:#6c6b6b\" class=\"tadv-color\">Para tu bienestar, es importante tener un prop\u00f3sito bien definido con metas para lograrlo.  Y es mucho mejor si los eventos de la vida, no te desv\u00edan para alcanzar este prop\u00f3sito.&nbsp;<br><br>\u00bfQu\u00e9 tipo de prop\u00f3sito no se puede descarrilar con los eventos de la vida?  Uno que no est\u00e1 atado a personas, ni cosas, ni sentimientos superficiales.  Es un prop\u00f3sito que no depende de la situaci\u00f3n econ\u00f3mica.  Es un prop\u00f3sito que solo necesita tu propio deseo.<br><br>El prop\u00f3sito es el de evolucionar.  Es obtener la <a href=\"https:\/\/us.sahajayoga.org\/es\/self-realization\/\">Realizaci\u00f3n del Ser<\/a>.  Este prop\u00f3sito nos lleva a la verdad, conciencia y gozo puro.  Este tipo de gozo no tiene dualidad, no se puede perder.<\/span><\/p><\/div>\n<\/div>\n\n\n\n<div class=\"wp-block-uagb-column uagb-column__wrap uagb-column__background-undefined uagb-block-d900c1d6\"><div class=\"uagb-column__overlay\"><\/div>\n<figure class=\"wp-block-image aligncenter size-large\"><img loading=\"lazy\" decoding=\"async\" width=\"1024\" height=\"576\" src=\"https:\/\/us.sahajayoga.org\/wp-content\/uploads\/2020\/05\/rediscover-what-is-important-lina-trochez-72dpi-1024x576.jpg\" alt=\"\" class=\"wp-image-3446\" srcset=\"https:\/\/us.sahajayoga.org\/wp-content\/uploads\/2020\/05\/rediscover-what-is-important-lina-trochez-72dpi-1024x576.jpg 1024w, https:\/\/us.sahajayoga.org\/wp-content\/uploads\/2020\/05\/rediscover-what-is-important-lina-trochez-72dpi-300x169.jpg 300w, https:\/\/us.sahajayoga.org\/wp-content\/uploads\/2020\/05\/rediscover-what-is-important-lina-trochez-72dpi-768x432.jpg 768w, https:\/\/us.sahajayoga.org\/wp-content\/uploads\/2020\/05\/rediscover-what-is-important-lina-trochez-72dpi-600x338.jpg 600w, https:\/\/us.sahajayoga.org\/wp-content\/uploads\/2020\/05\/rediscover-what-is-important-lina-trochez-72dpi.jpg 1500w\" sizes=\"auto, (max-width: 1024px) 100vw, 1024px\" \/><\/figure>\n\n\n\n<p><\/p>\n<\/div>\n<\/div><\/section>\n\n\n\n<section class=\"wp-block-uagb-columns uagb-columns__wrap uagb-columns__background-none uagb-columns__stack-mobile uagb-columns__valign- uagb-columns__gap-10 align uagb-block-65d30c96 uagb-columns__columns-2 uagb-columns__max_width-theme\"><div class=\"uagb-columns__overlay\"><\/div><div class=\"uagb-columns__inner-wrap uagb-columns__columns-2\">\n<div class=\"wp-block-uagb-column uagb-column__wrap uagb-column__background-undefined uagb-block-baf22779\"><div class=\"uagb-column__overlay\"><\/div>\n<div class=\"wp-block-uagb-advanced-heading uagb-block-616b4f51\"><h3 class=\"uagb-heading-text\">COMIENZA TU TRAYECTORIA<\/h3><div class=\"uagb-separator\"><\/div><\/div>\n\n\n\n<p><span class=\"tadv-color\" style=\"color:#6c6b6b\">Whether we know it or not, whether we understand it or not &#8211; this is the purpose we are seeking from the moment of creation. You can begin to realize your purpose, by connecting to your true Self and discovering the peace within.<\/span><\/p>\n\n\n\n<div class=\"wp-block-uagb-info-box uagb-block-f9a597b6 uagb-infobox__content-wrap  uagb-infobox-icon-above-title uagb-infobox-image-valign-top\"><div class=\"uagb-ifb-content\"><div class=\"uagb-ifb-title-wrap\"><\/div><div class=\"uagb-ifb-button-wrapper wp-block-button\"><a href=\"https:\/\/us.sahajayoga.org\/es\/get-started\/\" class=\"uagb-infobox-cta-link wp-block-button__link\" target=\"_self\" rel=\"noopener noreferrer\" onclick=\"return true;\" alt=\"\"><span class=\"uagb-inline-editing\">Discover Peace Within<\/span><\/a><\/div><\/div><\/div>\n<\/div>\n\n\n\n<div class=\"wp-block-uagb-column uagb-column__wrap uagb-column__background-undefined uagb-block-9b6dc9cf\"><div class=\"uagb-column__overlay\"><\/div>\n<figure class=\"wp-block-image size-large\"><img loading=\"lazy\" decoding=\"async\" width=\"1024\" height=\"575\" src=\"https:\/\/us.sahajayoga.org\/wp-content\/uploads\/2020\/05\/Meditating-on-the-lake2-1024x575.jpg\" alt=\"\" class=\"wp-image-4235\" srcset=\"https:\/\/us.sahajayoga.org\/wp-content\/uploads\/2020\/05\/Meditating-on-the-lake2-1024x575.jpg 1024w, https:\/\/us.sahajayoga.org\/wp-content\/uploads\/2020\/05\/Meditating-on-the-lake2-300x169.jpg 300w, https:\/\/us.sahajayoga.org\/wp-content\/uploads\/2020\/05\/Meditating-on-the-lake2-768x431.jpg 768w, https:\/\/us.sahajayoga.org\/wp-content\/uploads\/2020\/05\/Meditating-on-the-lake2-600x337.jpg 600w, https:\/\/us.sahajayoga.org\/wp-content\/uploads\/2020\/05\/Meditating-on-the-lake2.jpg 1376w\" sizes=\"auto, (max-width: 1024px) 100vw, 1024px\" \/><\/figure>\n\n\n\n<p><\/p>\n<\/div>\n<\/div><\/section>\n\n\n\n<section class=\"wp-block-uagb-columns uagb-columns__wrap uagb-columns__background-color uagb-columns__stack-mobile uagb-columns__valign- uagb-columns__gap-10 align uagb-block-76c2e897 uagb-columns__columns-1 uagb-columns__max_width-theme\"><div class=\"uagb-columns__overlay\"><\/div><div class=\"uagb-columns__shape uagb-columns__shape-top uagb-columns__shape-above-content\"><svg xmlns=\"https:\/\/www.w3.org\/2000\/svg\" viewbox=\"0 0 1000 100\" preserveaspectratio=\"none\"><path class=\"uagb-columns__shape-fill\" opacity=\"0.33\" d=\"M473,67.3c-203.9,88.3-263.1-34-320.3,0C66,119.1,0,59.7,0,59.7V0h1000v59.7 c0,0-62.1,26.1-94.9,29.3c-32.8,3.3-62.8-12.3-75.8-22.1C806,49.6,745.3,8.7,694.9,4.7S492.4,59,473,67.3z\"><\/path><path class=\"uagb-columns__shape-fill\" opacity=\"0.66\" d=\"M734,67.3c-45.5,0-77.2-23.2-129.1-39.1c-28.6-8.7-150.3-10.1-254,39.1 s-91.7-34.4-149.2,0C115.7,118.3,0,39.8,0,39.8V0h1000v36.5c0,0-28.2-18.5-92.1-18.5C810.2,18.1,775.7,67.3,734,67.3z\"><\/path><path class=\"uagb-columns__shape-fill\" d=\"M766.1,28.9c-200-57.5-266,65.5-395.1,19.5C242,1.8,242,5.4,184.8,20.6C128,35.8,132.3,44.9,89.9,52.5C28.6,63.7,0,0,0,0 h1000c0,0-9.9,40.9-83.6,48.1S829.6,47,766.1,28.9z\"><\/path><\/svg><\/div><div class=\"uagb-columns__inner-wrap uagb-columns__columns-1\">\n<div class=\"wp-block-uagb-column uagb-column__wrap uagb-column__background-undefined uagb-block-91a9ddd7\"><div class=\"uagb-column__overlay\"><\/div>\n<p class=\"has-white-color has-text-color\">Sahaja Yoga se practica en todo el mundo. Las clases de meditaci\u00f3n se ofrecen siempre sin costo alguno y son conducidas por practicantes experimentados que ofrecen su tiempo para compartir lo que han aprendido.<\/p>\n\n\n\n<div class=\"wp-block-columns is-layout-flex wp-container-core-columns-is-layout-cc9f741c wp-block-columns-is-layout-flex\" style=\"margin-top:60px;margin-bottom:0px;padding-top:0px;padding-right:0px;padding-bottom:0px;padding-left:0px\">\n<div class=\"wp-block-column is-layout-flow wp-block-column-is-layout-flow\" style=\"flex-basis:49.8%\">\n<figure class=\"wp-block-image size-full is-resized\"><a href=\"https:\/\/us.sahajayoga.org\/es\/\"><img decoding=\"async\" src=\"https:\/\/us.sahajayoga.org\/wp-content\/uploads\/2022\/10\/SYM-logo-all-white.png\" alt=\"\" class=\"wp-image-7873\" width=\"221\" srcset=\"https:\/\/us.sahajayoga.org\/wp-content\/uploads\/2022\/10\/SYM-logo-all-white.png 719w, https:\/\/us.sahajayoga.org\/wp-content\/uploads\/2022\/10\/SYM-logo-all-white-300x59.png 300w, https:\/\/us.sahajayoga.org\/wp-content\/uploads\/2022\/10\/SYM-logo-all-white-18x4.png 18w\" sizes=\"(max-width: 719px) 100vw, 719px\" \/><\/a><\/figure>\n<\/div>\n\n\n\n<div class=\"wp-block-column is-layout-flow wp-block-column-is-layout-flow\" style=\"flex-basis:285px\">\n<figure class=\"wp-block-image size-full is-resized\"><a href=\"https:\/\/www.meetup.com\/sahaja-yoga-usa\/\" target=\"_blank\" rel=\"noreferrer noopener\"><img decoding=\"async\" src=\"https:\/\/us.sahajayoga.org\/wp-content\/uploads\/2022\/10\/Join-Our-Meetup-Button-2.png\" alt=\"\" class=\"wp-image-8306\" width=\"221\" srcset=\"https:\/\/us.sahajayoga.org\/wp-content\/uploads\/2022\/10\/Join-Our-Meetup-Button-2.png 442w, https:\/\/us.sahajayoga.org\/wp-content\/uploads\/2022\/10\/Join-Our-Meetup-Button-2-300x60.png 300w, https:\/\/us.sahajayoga.org\/wp-content\/uploads\/2022\/10\/Join-Our-Meetup-Button-2-18x4.png 18w\" sizes=\"(max-width: 442px) 100vw, 442px\" \/><\/a><\/figure>\n<\/div>\n\n\n\n<div class=\"wp-block-column is-layout-flow wp-block-column-is-layout-flow\" style=\"flex-basis:20%\">\n<figure class=\"wp-block-image size-full is-resized\"><a href=\"https:\/\/us.sahajayoga.org\/es\/contact-us\/\"><img decoding=\"async\" src=\"https:\/\/us.sahajayoga.org\/wp-content\/uploads\/2022\/10\/Contact-Us-Button.png\" alt=\"\" class=\"wp-image-8305\" width=\"221\" srcset=\"https:\/\/us.sahajayoga.org\/wp-content\/uploads\/2022\/10\/Contact-Us-Button.png 442w, https:\/\/us.sahajayoga.org\/wp-content\/uploads\/2022\/10\/Contact-Us-Button-300x60.png 300w, https:\/\/us.sahajayoga.org\/wp-content\/uploads\/2022\/10\/Contact-Us-Button-18x4.png 18w\" sizes=\"(max-width: 442px) 100vw, 442px\" \/><\/a><\/figure>\n<\/div>\n<\/div>\n<\/div>\n<\/div><\/section>","protected":false},"excerpt":{"rendered":"<p>REALIZING YOUR PURPOSE WHAT\u2019S YOUR PURPOSE? Many of us have had the experience, at some point in our lives, of feeling rudderless. Perhaps it\u2019s because of a life event: the loss of a loved one, the loss of a job or financial means or dealing with the physical and emotional toll of an illness. Sometimes, [&hellip;]<\/p>","protected":false},"author":2,"featured_media":0,"parent":0,"menu_order":0,"comment_status":"closed","ping_status":"closed","template":"","meta":{"_uag_custom_page_level_css":"","site-sidebar-layout":"no-sidebar","site-content-layout":"page-builder","ast-site-content-layout":"default","site-content-style":"default","site-sidebar-style":"default","ast-global-header-display":"","ast-banner-title-visibility":"","ast-main-header-display":"","ast-hfb-above-header-display":"","ast-hfb-below-header-display":"","ast-hfb-mobile-header-display":"","site-post-title":"disabled","ast-breadcrumbs-content":"","ast-featured-img":"disabled","footer-sml-layout":"","theme-transparent-header-meta":"default","adv-header-id-meta":"","stick-header-meta":"","header-above-stick-meta":"","header-main-stick-meta":"","header-below-stick-meta":"","astra-migrate-meta-layouts":"default","ast-page-background-enabled":"default","ast-page-background-meta":{"desktop":{"background-color":"","background-image":"","background-repeat":"repeat","background-position":"center center","background-size":"auto","background-attachment":"scroll","background-type":"","background-media":"","overlay-type":"","overlay-color":"","overlay-opacity":"","overlay-gradient":""},"tablet":{"background-color":"","background-image":"","background-repeat":"repeat","background-position":"center center","background-size":"auto","background-attachment":"scroll","background-type":"","background-media":"","overlay-type":"","overlay-color":"","overlay-opacity":"","overlay-gradient":""},"mobile":{"background-color":"","background-image":"","background-repeat":"repeat","background-position":"center center","background-size":"auto","background-attachment":"scroll","background-type":"","background-media":"","overlay-type":"","overlay-color":"","overlay-opacity":"","overlay-gradient":""}},"ast-content-background-meta":{"desktop":{"background-color":"var(--ast-global-color-5)","background-image":"","background-repeat":"repeat","background-position":"center center","background-size":"auto","background-attachment":"scroll","background-type":"","background-media":"","overlay-type":"","overlay-color":"","overlay-opacity":"","overlay-gradient":""},"tablet":{"background-color":"var(--ast-global-color-5)","background-image":"","background-repeat":"repeat","background-position":"center center","background-size":"auto","background-attachment":"scroll","background-type":"","background-media":"","overlay-type":"","overlay-color":"","overlay-opacity":"","overlay-gradient":""},"mobile":{"background-color":"var(--ast-global-color-5)","background-image":"","background-repeat":"repeat","background-position":"center center","background-size":"auto","background-attachment":"scroll","background-type":"","background-media":"","overlay-type":"","overlay-color":"","overlay-opacity":"","overlay-gradient":""}},"footnotes":""},"class_list":["post-1789","page","type-page","status-publish","hentry"],"uagb_featured_image_src":{"full":false,"thumbnail":false,"medium":false,"medium_large":false,"large":false,"1536x1536":false,"2048x2048":false,"trp-custom-language-flag":false},"uagb_author_info":{"display_name":"Harsh Choudhary","author_link":"https:\/\/us.sahajayoga.org\/es\/author\/harsh\/"},"uagb_comment_info":0,"uagb_excerpt":"REALIZING YOUR PURPOSE WHAT\u2019S YOUR PURPOSE? Many of us have had the experience, at some point in our lives, of feeling rudderless. Perhaps it\u2019s because of a life event: the loss of a loved one, the loss of a job or financial means or dealing with the physical and emotional toll of an illness. Sometimes,&hellip;","_links":{"self":[{"href":"https:\/\/us.sahajayoga.org\/es\/wp-json\/wp\/v2\/pages\/1789","targetHints":{"allow":["GET"]}}],"collection":[{"href":"https:\/\/us.sahajayoga.org\/es\/wp-json\/wp\/v2\/pages"}],"about":[{"href":"https:\/\/us.sahajayoga.org\/es\/wp-json\/wp\/v2\/types\/page"}],"author":[{"embeddable":true,"href":"https:\/\/us.sahajayoga.org\/es\/wp-json\/wp\/v2\/users\/2"}],"replies":[{"embeddable":true,"href":"https:\/\/us.sahajayoga.org\/es\/wp-json\/wp\/v2\/comments?post=1789"}],"version-history":[{"count":10,"href":"https:\/\/us.sahajayoga.org\/es\/wp-json\/wp\/v2\/pages\/1789\/revisions"}],"predecessor-version":[{"id":14746,"href":"https:\/\/us.sahajayoga.org\/es\/wp-json\/wp\/v2\/pages\/1789\/revisions\/14746"}],"wp:attachment":[{"href":"https:\/\/us.sahajayoga.org\/es\/wp-json\/wp\/v2\/media?parent=1789"}],"curies":[{"name":"wp","href":"https:\/\/api.w.org\/{rel}","templated":true}]}}