{"id":1683,"date":"2020-04-20T14:38:42","date_gmt":"2020-04-20T14:38:42","guid":{"rendered":"https:\/\/us.sahajayoga.org\/?page_id=1683"},"modified":"2023-05-31T17:24:59","modified_gmt":"2023-05-31T17:24:59","slug":"the-kundalini","status":"publish","type":"page","link":"https:\/\/us.sahajayoga.org\/es\/the-kundalini\/","title":{"rendered":"La Kundalini"},"content":{"rendered":"<section class=\"wp-block-uagb-columns uagb-columns__wrap uagb-columns__background-image uagb-columns__stack-mobile uagb-columns__valign- uagb-columns__gap-10 align uagb-block-1423fffb uagb-columns__columns-1 uagb-columns__max_width-theme\"><div class=\"uagb-columns__overlay\"><\/div><div class=\"uagb-columns__inner-wrap uagb-columns__columns-1\">\n<div class=\"wp-block-uagb-column uagb-column__wrap uagb-column__background-undefined uagb-block-f47b3ab3\"><div class=\"uagb-column__overlay\"><\/div>\n<div class=\"wp-block-uagb-advanced-heading uagb-block-cbe73c7b\"><h6 class=\"uagb-heading-text\">KUNDALINI ENERGY<\/h6><\/div>\n\n\n\n<div class=\"wp-block-uagb-info-box uagb-block-40c20d8d uagb-infobox__content-wrap  uagb-infobox-icon-above-title uagb-infobox-image-valign-top\"><div class=\"uagb-ifb-content\"><div class=\"uagb-ifb-title-wrap\"><\/div><div class=\"uagb-ifb-separator\"><\/div><div class=\"uagb-ifb-button-wrapper wp-block-button\"><a href=\"https:\/\/us.sahajayoga.org\/es\/get-started\/\" class=\"uagb-infobox-cta-link wp-block-button__link\" target=\"_self\" rel=\"noopener noreferrer\" onclick=\"return true;\" alt=\"\"><span class=\"uagb-inline-editing\">Despierta tu Energ\u00eda<\/span><\/a><\/div><\/div><\/div>\n<\/div>\n<\/div><div class=\"uagb-columns__shape uagb-columns__shape-bottom\" data-negative=\"false\"><svg xmlns=\"https:\/\/www.w3.org\/2000\/svg\" viewbox=\"0 0 1000 100\" preserveaspectratio=\"none\"><path class=\"uagb-columns__shape-fill\" opacity=\"0.33\" d=\"M473,67.3c-203.9,88.3-263.1-34-320.3,0C66,119.1,0,59.7,0,59.7V0h1000v59.7 c0,0-62.1,26.1-94.9,29.3c-32.8,3.3-62.8-12.3-75.8-22.1C806,49.6,745.3,8.7,694.9,4.7S492.4,59,473,67.3z\"><\/path><path class=\"uagb-columns__shape-fill\" opacity=\"0.66\" d=\"M734,67.3c-45.5,0-77.2-23.2-129.1-39.1c-28.6-8.7-150.3-10.1-254,39.1 s-91.7-34.4-149.2,0C115.7,118.3,0,39.8,0,39.8V0h1000v36.5c0,0-28.2-18.5-92.1-18.5C810.2,18.1,775.7,67.3,734,67.3z\"><\/path><path class=\"uagb-columns__shape-fill\" d=\"M766.1,28.9c-200-57.5-266,65.5-395.1,19.5C242,1.8,242,5.4,184.8,20.6C128,35.8,132.3,44.9,89.9,52.5C28.6,63.7,0,0,0,0 h1000c0,0-9.9,40.9-83.6,48.1S829.6,47,766.1,28.9z\"><\/path><\/svg><\/div><\/section>\n\n\n\n<section class=\"wp-block-uagb-columns uagb-columns__wrap uagb-columns__background-none uagb-columns__stack-mobile uagb-columns__valign- uagb-columns__gap-10 align uagb-block-31382f80 uagb-columns__columns-2 uagb-columns__max_width-theme\"><div class=\"uagb-columns__overlay\"><\/div><div class=\"uagb-columns__inner-wrap uagb-columns__columns-2\">\n<div class=\"wp-block-uagb-column uagb-column__wrap uagb-column__background-undefined uagb-block-6182ce26\"><div class=\"uagb-column__overlay\"><\/div>\n<div class=\"wp-block-uagb-advanced-heading uagb-block-781d40fc\"><h3 class=\"uagb-heading-text\">SATISFACE TU B\u00daSQUEDA<\/h3><div class=\"uagb-separator\"><\/div><\/div>\n\n\n\n<p class=\"has-text-color\" style=\"color:#6c6b6b\">Todos queremos cosas.<br>Una casa m\u00e1s grande. Vacaciones. Un trabajo satisfactorio. Mejor salud. Un estatus m\u00e1s alto. <\/p>\n\n\n\n<p class=\"has-text-color translation-block\" style=\"color:#6c6b6b\">El desear es parte de nuestra naturaleza humana. Los seres humanos buscamos sustento o refugio y a menudo evolucionamos hasta un punto en el que nuestra Kundalini nos prepara para buscar un significado m\u00e1s profundo en nuestras vidas. A menos que reconozcamos eso, podemos satisfacer todos los deseos que tenemos y todav\u00eda permanecer insatisfechos.<\/p>\n\n\n\n<p class=\"has-text-color\" style=\"color:#6c6b6b\">Until we recognize that, we can satisfy all the wants we have and remain unfulfilled.<\/p>\n<\/div>\n\n\n\n<div class=\"wp-block-uagb-column uagb-column__wrap uagb-column__background-undefined uagb-block-41acb95c\"><div class=\"uagb-column__overlay\"><\/div>\n<figure class=\"wp-block-image aligncenter size-large\"><img loading=\"lazy\" decoding=\"async\" width=\"1024\" height=\"577\" src=\"https:\/\/us.sahajayoga.org\/wp-content\/uploads\/2020\/05\/stairs-by-rodion-kutsaev-72dpi-1024x577.jpg\" alt=\"\" class=\"wp-image-3374\" srcset=\"https:\/\/us.sahajayoga.org\/wp-content\/uploads\/2020\/05\/stairs-by-rodion-kutsaev-72dpi-1024x577.jpg 1024w, https:\/\/us.sahajayoga.org\/wp-content\/uploads\/2020\/05\/stairs-by-rodion-kutsaev-72dpi-300x169.jpg 300w, https:\/\/us.sahajayoga.org\/wp-content\/uploads\/2020\/05\/stairs-by-rodion-kutsaev-72dpi-768x432.jpg 768w, https:\/\/us.sahajayoga.org\/wp-content\/uploads\/2020\/05\/stairs-by-rodion-kutsaev-72dpi-600x338.jpg 600w, https:\/\/us.sahajayoga.org\/wp-content\/uploads\/2020\/05\/stairs-by-rodion-kutsaev-72dpi.jpg 1499w\" sizes=\"auto, (max-width: 1024px) 100vw, 1024px\" \/><\/figure>\n<\/div>\n<\/div><\/section>\n\n\n\n<section class=\"wp-block-uagb-columns uagb-columns__wrap uagb-columns__background-none uagb-columns__stack-mobile uagb-columns__valign- uagb-columns__gap-10 align uagb-block-f21d6b2f uagb-columns__columns-2 uagb-columns__max_width-theme\"><div class=\"uagb-columns__overlay\"><\/div><div class=\"uagb-columns__inner-wrap uagb-columns__columns-2\">\n<div class=\"wp-block-uagb-column uagb-column__wrap uagb-column__background-undefined uagb-block-76bd9318\"><div class=\"uagb-column__overlay\"><\/div>\n<div class=\"wp-block-uagb-advanced-heading uagb-block-2397fb61\"><h3 class=\"uagb-heading-text\">EL PAPEL DE KUNDALINI EN LA MEDITACI\u00d3N<\/h3><div class=\"uagb-separator\"><\/div><\/div>\n\n\n\n<p class=\"has-text-color\" style=\"color:#6c6b6b\">Kundalini, deriva de la palabra s\u00e1nscrita \"kundala\" que significa \"espiral\", es una energ\u00eda evolutiva consciente que se encuentra en forma durmiente en la base de la columna vertebral de cada persona en el hueso sacro. Cuando esta energ\u00eda se despierta, comienza su viaje subiendo a trav\u00e9s de tu canal de energ\u00eda central, el Sushumna. En su camino, atraviesa y purifica los chakras hasta llegar a la parte superior del cr\u00e1neo. Es en este punto en el cual obtienes la Realizaci\u00f3n del Ser y tu Kundalini se une con la energ\u00eda espiritual omnipresente que existe en todas las cosas vivientes.<\/p>\n<\/div>\n\n\n\n<div class=\"wp-block-uagb-column uagb-column__wrap uagb-column__background-undefined uagb-block-37473c49\"><div class=\"uagb-column__overlay\"><\/div>\n<figure class=\"wp-block-image aligncenter size-large is-resized\"><img decoding=\"async\" src=\"https:\/\/us.sahajayoga.org\/wp-content\/uploads\/2020\/05\/Kundalini-subtle-system-1000px-72dpi-928x1024.png\" alt=\"\" class=\"wp-image-3165\" width=\"486\" srcset=\"https:\/\/us.sahajayoga.org\/wp-content\/uploads\/2020\/05\/Kundalini-subtle-system-1000px-72dpi-928x1024.png 928w, https:\/\/us.sahajayoga.org\/wp-content\/uploads\/2020\/05\/Kundalini-subtle-system-1000px-72dpi-272x300.png 272w, https:\/\/us.sahajayoga.org\/wp-content\/uploads\/2020\/05\/Kundalini-subtle-system-1000px-72dpi-768x847.png 768w, https:\/\/us.sahajayoga.org\/wp-content\/uploads\/2020\/05\/Kundalini-subtle-system-1000px-72dpi-600x662.png 600w, https:\/\/us.sahajayoga.org\/wp-content\/uploads\/2020\/05\/Kundalini-subtle-system-1000px-72dpi.png 1000w\" sizes=\"(max-width: 928px) 100vw, 928px\" \/><\/figure>\n<\/div>\n<\/div><\/section>\n\n\n\n<section class=\"wp-block-uagb-section uagb-section__wrap uagb-section__background-color uagb-block-a760cd98\"><div class=\"uagb-section__overlay\"><\/div><div class=\"uagb-section__inner-wrap\">\n<figure class=\"wp-block-image aligncenter size-large is-resized\"><img decoding=\"async\" src=\"https:\/\/us.sahajayoga.org\/wp-content\/uploads\/2022\/05\/Quote-6-Kundalini-cures-you-she-improves-you-she-bestows-all-the-blissful-things-upon-you.-Shri-Mataji-1024x413.png\" alt=\"\" class=\"wp-image-7174\" width=\"550\" srcset=\"https:\/\/us.sahajayoga.org\/wp-content\/uploads\/2022\/05\/Quote-6-Kundalini-cures-you-she-improves-you-she-bestows-all-the-blissful-things-upon-you.-Shri-Mataji-1024x413.png 1024w, https:\/\/us.sahajayoga.org\/wp-content\/uploads\/2022\/05\/Quote-6-Kundalini-cures-you-she-improves-you-she-bestows-all-the-blissful-things-upon-you.-Shri-Mataji-300x121.png 300w, https:\/\/us.sahajayoga.org\/wp-content\/uploads\/2022\/05\/Quote-6-Kundalini-cures-you-she-improves-you-she-bestows-all-the-blissful-things-upon-you.-Shri-Mataji-768x310.png 768w, https:\/\/us.sahajayoga.org\/wp-content\/uploads\/2022\/05\/Quote-6-Kundalini-cures-you-she-improves-you-she-bestows-all-the-blissful-things-upon-you.-Shri-Mataji-16x6.png 16w, https:\/\/us.sahajayoga.org\/wp-content\/uploads\/2022\/05\/Quote-6-Kundalini-cures-you-she-improves-you-she-bestows-all-the-blissful-things-upon-you.-Shri-Mataji.png 1126w\" sizes=\"(max-width: 1024px) 100vw, 1024px\" \/><\/figure>\n<\/div><\/section>\n\n\n\n<section class=\"wp-block-uagb-columns uagb-columns__wrap uagb-columns__background-none uagb-columns__stack-mobile uagb-columns__valign- uagb-columns__gap-10 align uagb-block-58a02ace uagb-columns__columns-1 uagb-columns__max_width-custom\"><div class=\"uagb-columns__overlay\"><\/div><div class=\"uagb-columns__inner-wrap uagb-columns__columns-1\">\n<div class=\"wp-block-uagb-column uagb-column__wrap uagb-column__background-undefined uagb-block-807c459b\"><div class=\"uagb-column__overlay\"><\/div>\n<div class=\"wp-block-uagb-advanced-heading uagb-block-6c8a6130\"><h3 class=\"uagb-heading-text\">EL CONOCIMIENTO SAGRADO<\/h3><div class=\"uagb-separator\"><\/div><p class=\"uagb-desc-text\">In ancient times, the existence and power of the Kundalini was a sacred knowledge passed from master to disciple for thousands of years. Spiritual gurus who knew of the Kundalini would guide their devotees through years of rigorous practices and severe penances to achieve the Kundalini awakening. It was attained by only a few who ardently pursued it. In modern times, Sahaja Yoga has made this awakening possible for anyone who desires it. Your own desire for spiritual ascent is the main catalyst for its awakening.<\/p><\/div>\n<\/div>\n<\/div><\/section>\n\n\n\n<section class=\"wp-block-uagb-columns uagb-columns__wrap uagb-columns__background-color uagb-columns__stack-mobile uagb-columns__valign- uagb-columns__gap-10 align uagb-block-76c2e897 uagb-columns__columns-1 uagb-columns__max_width-theme\"><div class=\"uagb-columns__overlay\"><\/div><div class=\"uagb-columns__shape uagb-columns__shape-top uagb-columns__shape-above-content\"><svg xmlns=\"https:\/\/www.w3.org\/2000\/svg\" viewbox=\"0 0 1000 100\" preserveaspectratio=\"none\"><path class=\"uagb-columns__shape-fill\" opacity=\"0.33\" d=\"M473,67.3c-203.9,88.3-263.1-34-320.3,0C66,119.1,0,59.7,0,59.7V0h1000v59.7 c0,0-62.1,26.1-94.9,29.3c-32.8,3.3-62.8-12.3-75.8-22.1C806,49.6,745.3,8.7,694.9,4.7S492.4,59,473,67.3z\"><\/path><path class=\"uagb-columns__shape-fill\" opacity=\"0.66\" d=\"M734,67.3c-45.5,0-77.2-23.2-129.1-39.1c-28.6-8.7-150.3-10.1-254,39.1 s-91.7-34.4-149.2,0C115.7,118.3,0,39.8,0,39.8V0h1000v36.5c0,0-28.2-18.5-92.1-18.5C810.2,18.1,775.7,67.3,734,67.3z\"><\/path><path class=\"uagb-columns__shape-fill\" d=\"M766.1,28.9c-200-57.5-266,65.5-395.1,19.5C242,1.8,242,5.4,184.8,20.6C128,35.8,132.3,44.9,89.9,52.5C28.6,63.7,0,0,0,0 h1000c0,0-9.9,40.9-83.6,48.1S829.6,47,766.1,28.9z\"><\/path><\/svg><\/div><div class=\"uagb-columns__inner-wrap uagb-columns__columns-1\">\n<div class=\"wp-block-uagb-column uagb-column__wrap uagb-column__background-undefined uagb-block-91a9ddd7\"><div class=\"uagb-column__overlay\"><\/div>\n<p class=\"has-white-color has-text-color\">Sahaja Yoga se practica en todo el mundo. Las clases de meditaci\u00f3n se ofrecen siempre sin costo alguno y son conducidas por practicantes experimentados que ofrecen su tiempo para compartir lo que han aprendido.<\/p>\n\n\n\n<div class=\"wp-block-columns is-layout-flex wp-container-core-columns-is-layout-cc9f741c wp-block-columns-is-layout-flex\" style=\"margin-top:60px;margin-bottom:0px;padding-top:0px;padding-right:0px;padding-bottom:0px;padding-left:0px\">\n<div class=\"wp-block-column is-layout-flow wp-block-column-is-layout-flow\" style=\"flex-basis:49.8%\">\n<figure class=\"wp-block-image size-full is-resized\"><a href=\"https:\/\/us.sahajayoga.org\/es\/\"><img decoding=\"async\" src=\"https:\/\/us.sahajayoga.org\/wp-content\/uploads\/2022\/10\/SYM-logo-all-white.png\" alt=\"\" class=\"wp-image-7873\" width=\"221\" srcset=\"https:\/\/us.sahajayoga.org\/wp-content\/uploads\/2022\/10\/SYM-logo-all-white.png 719w, https:\/\/us.sahajayoga.org\/wp-content\/uploads\/2022\/10\/SYM-logo-all-white-300x59.png 300w, https:\/\/us.sahajayoga.org\/wp-content\/uploads\/2022\/10\/SYM-logo-all-white-18x4.png 18w\" sizes=\"(max-width: 719px) 100vw, 719px\" \/><\/a><\/figure>\n<\/div>\n\n\n\n<div class=\"wp-block-column is-layout-flow wp-block-column-is-layout-flow\" style=\"flex-basis:285px\">\n<figure class=\"wp-block-image size-full is-resized\"><a href=\"https:\/\/www.meetup.com\/sahaja-yoga-usa\/\" target=\"_blank\" rel=\"noreferrer noopener\"><img decoding=\"async\" src=\"https:\/\/us.sahajayoga.org\/wp-content\/uploads\/2022\/10\/Join-Our-Meetup-Button-2.png\" alt=\"\" class=\"wp-image-8306\" width=\"221\" srcset=\"https:\/\/us.sahajayoga.org\/wp-content\/uploads\/2022\/10\/Join-Our-Meetup-Button-2.png 442w, https:\/\/us.sahajayoga.org\/wp-content\/uploads\/2022\/10\/Join-Our-Meetup-Button-2-300x60.png 300w, https:\/\/us.sahajayoga.org\/wp-content\/uploads\/2022\/10\/Join-Our-Meetup-Button-2-18x4.png 18w\" sizes=\"(max-width: 442px) 100vw, 442px\" \/><\/a><\/figure>\n<\/div>\n\n\n\n<div class=\"wp-block-column is-layout-flow wp-block-column-is-layout-flow\" style=\"flex-basis:20%\">\n<figure class=\"wp-block-image size-full is-resized\"><a href=\"https:\/\/us.sahajayoga.org\/es\/contact-us\/\"><img decoding=\"async\" src=\"https:\/\/us.sahajayoga.org\/wp-content\/uploads\/2022\/10\/Contact-Us-Button.png\" alt=\"\" class=\"wp-image-8305\" width=\"221\" srcset=\"https:\/\/us.sahajayoga.org\/wp-content\/uploads\/2022\/10\/Contact-Us-Button.png 442w, https:\/\/us.sahajayoga.org\/wp-content\/uploads\/2022\/10\/Contact-Us-Button-300x60.png 300w, https:\/\/us.sahajayoga.org\/wp-content\/uploads\/2022\/10\/Contact-Us-Button-18x4.png 18w\" sizes=\"(max-width: 442px) 100vw, 442px\" \/><\/a><\/figure>\n<\/div>\n<\/div>\n<\/div>\n<\/div><\/section>","protected":false},"excerpt":{"rendered":"<p>KUNDALINI ENERGY SATISFY YOUR SEEKING We all want things.A bigger home. A vacation. A satisfying job. Better health. Higher status. The desire to&nbsp;want&nbsp;is how we (and all living things) are wired. Most living things seek sustenance or shelter. Human beings are often fortunate to have evolved to a point where our Kundalini primes us to [&hellip;]<\/p>","protected":false},"author":1,"featured_media":0,"parent":0,"menu_order":0,"comment_status":"closed","ping_status":"closed","template":"","meta":{"_uag_custom_page_level_css":"","site-sidebar-layout":"no-sidebar","site-content-layout":"page-builder","ast-site-content-layout":"default","site-content-style":"default","site-sidebar-style":"default","ast-global-header-display":"","ast-banner-title-visibility":"","ast-main-header-display":"","ast-hfb-above-header-display":"","ast-hfb-below-header-display":"","ast-hfb-mobile-header-display":"","site-post-title":"disabled","ast-breadcrumbs-content":"","ast-featured-img":"disabled","footer-sml-layout":"","theme-transparent-header-meta":"default","adv-header-id-meta":"","stick-header-meta":"","header-above-stick-meta":"","header-main-stick-meta":"","header-below-stick-meta":"","astra-migrate-meta-layouts":"default","ast-page-background-enabled":"default","ast-page-background-meta":{"desktop":{"background-color":"","background-image":"","background-repeat":"repeat","background-position":"center center","background-size":"auto","background-attachment":"scroll","background-type":"","background-media":"","overlay-type":"","overlay-color":"","overlay-opacity":"","overlay-gradient":""},"tablet":{"background-color":"","background-image":"","background-repeat":"repeat","background-position":"center center","background-size":"auto","background-attachment":"scroll","background-type":"","background-media":"","overlay-type":"","overlay-color":"","overlay-opacity":"","overlay-gradient":""},"mobile":{"background-color":"","background-image":"","background-repeat":"repeat","background-position":"center center","background-size":"auto","background-attachment":"scroll","background-type":"","background-media":"","overlay-type":"","overlay-color":"","overlay-opacity":"","overlay-gradient":""}},"ast-content-background-meta":{"desktop":{"background-color":"var(--ast-global-color-5)","background-image":"","background-repeat":"repeat","background-position":"center center","background-size":"auto","background-attachment":"scroll","background-type":"","background-media":"","overlay-type":"","overlay-color":"","overlay-opacity":"","overlay-gradient":""},"tablet":{"background-color":"var(--ast-global-color-5)","background-image":"","background-repeat":"repeat","background-position":"center center","background-size":"auto","background-attachment":"scroll","background-type":"","background-media":"","overlay-type":"","overlay-color":"","overlay-opacity":"","overlay-gradient":""},"mobile":{"background-color":"var(--ast-global-color-5)","background-image":"","background-repeat":"repeat","background-position":"center center","background-size":"auto","background-attachment":"scroll","background-type":"","background-media":"","overlay-type":"","overlay-color":"","overlay-opacity":"","overlay-gradient":""}},"footnotes":""},"class_list":["post-1683","page","type-page","status-publish","hentry"],"uagb_featured_image_src":{"full":false,"thumbnail":false,"medium":false,"medium_large":false,"large":false,"1536x1536":false,"2048x2048":false,"trp-custom-language-flag":false},"uagb_author_info":{"display_name":"","author_link":"https:\/\/us.sahajayoga.org\/es\/author\/"},"uagb_comment_info":0,"uagb_excerpt":"KUNDALINI ENERGY SATISFY YOUR SEEKING We all want things.A bigger home. A vacation. A satisfying job. Better health. Higher status. The desire to&nbsp;want&nbsp;is how we (and all living things) are wired. Most living things seek sustenance or shelter. Human beings are often fortunate to have evolved to a point where our Kundalini primes us to&hellip;","_links":{"self":[{"href":"https:\/\/us.sahajayoga.org\/es\/wp-json\/wp\/v2\/pages\/1683","targetHints":{"allow":["GET"]}}],"collection":[{"href":"https:\/\/us.sahajayoga.org\/es\/wp-json\/wp\/v2\/pages"}],"about":[{"href":"https:\/\/us.sahajayoga.org\/es\/wp-json\/wp\/v2\/types\/page"}],"author":[{"embeddable":true,"href":"https:\/\/us.sahajayoga.org\/es\/wp-json\/wp\/v2\/users\/1"}],"replies":[{"embeddable":true,"href":"https:\/\/us.sahajayoga.org\/es\/wp-json\/wp\/v2\/comments?post=1683"}],"version-history":[{"count":9,"href":"https:\/\/us.sahajayoga.org\/es\/wp-json\/wp\/v2\/pages\/1683\/revisions"}],"predecessor-version":[{"id":14276,"href":"https:\/\/us.sahajayoga.org\/es\/wp-json\/wp\/v2\/pages\/1683\/revisions\/14276"}],"wp:attachment":[{"href":"https:\/\/us.sahajayoga.org\/es\/wp-json\/wp\/v2\/media?parent=1683"}],"curies":[{"name":"wp","href":"https:\/\/api.w.org\/{rel}","templated":true}]}}