{"id":1651,"date":"2020-04-20T10:55:48","date_gmt":"2020-04-20T10:55:48","guid":{"rendered":"https:\/\/us.sahajayoga.org\/?page_id=1651"},"modified":"2026-03-14T22:14:35","modified_gmt":"2026-03-14T22:14:35","slug":"self-realization","status":"publish","type":"page","link":"https:\/\/us.sahajayoga.org\/es\/self-realization\/","title":{"rendered":"Realizaci\u00f3n del Ser"},"content":{"rendered":"<section class=\"wp-block-uagb-columns uagb-columns__wrap uagb-columns__background-image uagb-columns__stack-mobile uagb-columns__valign- uagb-columns__gap-10 align uagb-block-94bbee4b uagb-columns__columns-1 uagb-columns__max_width-theme\"><div class=\"uagb-columns__overlay\"><\/div><div class=\"uagb-columns__inner-wrap uagb-columns__columns-1\">\n<div class=\"wp-block-uagb-column uagb-column__wrap uagb-column__background-undefined uagb-block-6a91c399\"><div class=\"uagb-column__overlay\"><\/div>\n<div class=\"wp-block-uagb-advanced-heading uagb-block-580a6189\"><h6 class=\"uagb-heading-text\">SAHAJA YOGA COMIENZA CON\nLA REALIZACI\u00d3N DEL SER<\/h6><\/div>\n\n\n\n<div class=\"wp-block-uagb-info-box uagb-block-c6e829de uagb-infobox__content-wrap  uagb-infobox-icon-above-title uagb-infobox-image-valign-top\"><div class=\"uagb-ifb-content\"><div class=\"uagb-ifb-title-wrap\"><\/div><div class=\"uagb-ifb-separator\"><\/div><div class=\"uagb-ifb-button-wrapper wp-block-button\"><a href=\"https:\/\/us.sahajayoga.org\/es\/get-started\/\" class=\"uagb-infobox-cta-link wp-block-button__link\" target=\"_self\" rel=\"noopener noreferrer\" onclick=\"return true;\"><span class=\"uagb-inline-editing\">OBT\u00c9N LA REALIZACI\u00d3N DEL SER<\/span><\/a><\/div><\/div><\/div>\n<\/div>\n<\/div><div class=\"uagb-columns__shape uagb-columns__shape-bottom\" data-negative=\"false\"><svg xmlns=\"https:\/\/www.w3.org\/2000\/svg\" viewbox=\"0 0 1000 100\" preserveaspectratio=\"none\"><path class=\"uagb-columns__shape-fill\" opacity=\"0.33\" d=\"M473,67.3c-203.9,88.3-263.1-34-320.3,0C66,119.1,0,59.7,0,59.7V0h1000v59.7 c0,0-62.1,26.1-94.9,29.3c-32.8,3.3-62.8-12.3-75.8-22.1C806,49.6,745.3,8.7,694.9,4.7S492.4,59,473,67.3z\"><\/path><path class=\"uagb-columns__shape-fill\" opacity=\"0.66\" d=\"M734,67.3c-45.5,0-77.2-23.2-129.1-39.1c-28.6-8.7-150.3-10.1-254,39.1 s-91.7-34.4-149.2,0C115.7,118.3,0,39.8,0,39.8V0h1000v36.5c0,0-28.2-18.5-92.1-18.5C810.2,18.1,775.7,67.3,734,67.3z\"><\/path><path class=\"uagb-columns__shape-fill\" d=\"M766.1,28.9c-200-57.5-266,65.5-395.1,19.5C242,1.8,242,5.4,184.8,20.6C128,35.8,132.3,44.9,89.9,52.5C28.6,63.7,0,0,0,0 h1000c0,0-9.9,40.9-83.6,48.1S829.6,47,766.1,28.9z\"><\/path><\/svg><\/div><\/section>\n\n\n\n<section class=\"wp-block-uagb-columns uagb-columns__wrap uagb-columns__background-none uagb-columns__stack-mobile uagb-columns__valign- uagb-columns__gap-10 align uagb-block-9d9ade26 uagb-columns__columns-2 uagb-columns__max_width-theme\"><div class=\"uagb-columns__overlay\"><\/div><div class=\"uagb-columns__inner-wrap uagb-columns__columns-2\">\n<div class=\"wp-block-uagb-column uagb-column__wrap uagb-column__background-undefined uagb-block-b3449e2d\"><div class=\"uagb-column__overlay\"><\/div>\n<div class=\"wp-block-uagb-advanced-heading uagb-block-9ebb360f\"><h3 class=\"uagb-heading-text\">TODO COMIENZA CON LA B\u00daSQUEDA<\/h3><div class=\"uagb-separator\"><\/div><\/div>\n\n\n\n<p class=\"has-text-color\" style=\"color:#6c6b6b\">\u00bfSientes que est\u00e1s buscando algo m\u00e1s para tu vida? \u00bfSientes insatisfacci\u00f3n o un vac\u00edo que nunca se llena? ni con la familia, ni con el \u00e9xito laboral, ni con algo material...sino que buscas algo m\u00e1s profundo. Es como si t\u00fa supieras que para tu existencia hay mucho m\u00e1s que solo eso.\n\u00bfY si pudieras descubrir que es lo que est\u00e1s buscando, y de pronto todo tuviera m\u00e1s sentido? \nLa Realizaci\u00f3n del Ser es el primer paso para elevar tu atenci\u00f3n y satisfacer tu b\u00fasqueda.<\/p>\n\n\n\n<p><\/p>\n\n\n\n<div class=\"wp-block-uagb-info-box uagb-block-7f7a9f79 uagb-infobox__content-wrap  uagb-infobox-icon-above-title uagb-infobox-image-valign-top\"><div class=\"uagb-ifb-content\"><div class=\"uagb-ifb-title-wrap\"><\/div><div class=\"uagb-ifb-button-wrapper wp-block-button\"><a href=\"https:\/\/us.sahajayoga.org\/es\/get-started\/\" class=\"uagb-infobox-cta-link wp-block-button__link\" target=\"_self\" rel=\"noopener noreferrer\" onclick=\"return true;\"><span class=\"uagb-inline-editing\">OBT\u00c9N LA REALIZACI\u00d3N DEL SER<\/span><\/a><\/div><\/div><\/div>\n<\/div>\n\n\n\n<div class=\"wp-block-uagb-column uagb-column__wrap uagb-column__background-undefined uagb-block-c4eebf89\"><div class=\"uagb-column__overlay\"><\/div>\n<figure class=\"wp-block-image size-large\"><img loading=\"lazy\" decoding=\"async\" width=\"1024\" height=\"578\" src=\"https:\/\/us.sahajayoga.org\/wp-content\/uploads\/2020\/05\/Meditating_at_Yosemite_20190806_095428396_HDR-copy-1024x578.jpg\" alt=\"\" class=\"wp-image-3345\" srcset=\"https:\/\/us.sahajayoga.org\/wp-content\/uploads\/2020\/05\/Meditating_at_Yosemite_20190806_095428396_HDR-copy-1024x578.jpg 1024w, https:\/\/us.sahajayoga.org\/wp-content\/uploads\/2020\/05\/Meditating_at_Yosemite_20190806_095428396_HDR-copy-300x169.jpg 300w, https:\/\/us.sahajayoga.org\/wp-content\/uploads\/2020\/05\/Meditating_at_Yosemite_20190806_095428396_HDR-copy-768x433.jpg 768w, https:\/\/us.sahajayoga.org\/wp-content\/uploads\/2020\/05\/Meditating_at_Yosemite_20190806_095428396_HDR-copy-600x338.jpg 600w, https:\/\/us.sahajayoga.org\/wp-content\/uploads\/2020\/05\/Meditating_at_Yosemite_20190806_095428396_HDR-copy.jpg 1498w\" sizes=\"auto, (max-width: 1024px) 100vw, 1024px\" \/><\/figure>\n<\/div>\n<\/div><\/section>\n\n\n\n<section class=\"wp-block-uagb-section uagb-section__wrap uagb-section__background-color uagb-block-352d03b1\"><div class=\"uagb-section__overlay\"><\/div><div class=\"uagb-section__inner-wrap\">\n<figure class=\"wp-block-image aligncenter size-large is-resized\"><img loading=\"lazy\" decoding=\"async\" width=\"1024\" height=\"439\" src=\"https:\/\/us.sahajayoga.org\/wp-content\/uploads\/2022\/05\/Quote-4-Once-you-have-known-your-Self-its-like-a-light-which-gives-you-a-complete-balance.-Shri-Mataji-1024x439.png\" alt=\"\" class=\"wp-image-7162\" style=\"width:550px\" srcset=\"https:\/\/us.sahajayoga.org\/wp-content\/uploads\/2022\/05\/Quote-4-Once-you-have-known-your-Self-its-like-a-light-which-gives-you-a-complete-balance.-Shri-Mataji-1024x439.png 1024w, https:\/\/us.sahajayoga.org\/wp-content\/uploads\/2022\/05\/Quote-4-Once-you-have-known-your-Self-its-like-a-light-which-gives-you-a-complete-balance.-Shri-Mataji-300x129.png 300w, https:\/\/us.sahajayoga.org\/wp-content\/uploads\/2022\/05\/Quote-4-Once-you-have-known-your-Self-its-like-a-light-which-gives-you-a-complete-balance.-Shri-Mataji-768x329.png 768w, https:\/\/us.sahajayoga.org\/wp-content\/uploads\/2022\/05\/Quote-4-Once-you-have-known-your-Self-its-like-a-light-which-gives-you-a-complete-balance.-Shri-Mataji-16x7.png 16w, https:\/\/us.sahajayoga.org\/wp-content\/uploads\/2022\/05\/Quote-4-Once-you-have-known-your-Self-its-like-a-light-which-gives-you-a-complete-balance.-Shri-Mataji.png 1026w\" sizes=\"auto, (max-width: 1024px) 100vw, 1024px\" \/><\/figure>\n<\/div><\/section>\n\n\n\n<section class=\"wp-block-uagb-columns uagb-columns__wrap uagb-columns__background-none uagb-columns__stack-mobile uagb-columns__valign- uagb-columns__gap-10 align uagb-block-cf09ec55 uagb-columns__columns-1 uagb-columns__max_width-theme\"><div class=\"uagb-columns__overlay\"><\/div><div class=\"uagb-columns__inner-wrap uagb-columns__columns-1\">\n<div class=\"wp-block-uagb-column uagb-column__wrap uagb-column__background-undefined uagb-block-ce1ba345\"><div class=\"uagb-column__overlay\"><\/div>\n<div class=\"wp-block-uagb-advanced-heading uagb-block-ecaeae77\"><h3 class=\"uagb-heading-text\">EL SER<\/h3><div class=\"uagb-separator\"><\/div><p class=\"uagb-desc-text\">El Ser, como lo ir\u00e1s descubriendo, es la parte de tu conciencia que est\u00e1 m\u00e1s all\u00e1 de las limitaciones de la mente, el cuerpo, los sentimientos o el intelecto. Es el verdadero e inmutable ser eterno \u2013el Esp\u00edritu. Este conocimiento del Ser es absoluto \u2013lo que significa que no es un concepto mental o una teor\u00eda intelectual. Es una experiencia muy directa que se puede sentir en nuestra conciencia. Es a trav\u00e9s de la Realizaci\u00f3n del Ser que experimentamos la verdad y percibimos la realidad dentro de nuestro propio sistema nervioso central.<\/p><\/div>\n\n\n\n<p><\/p>\n<\/div>\n<\/div><\/section>\n\n\n\n<section class=\"wp-block-uagb-columns uagb-columns__wrap uagb-columns__background-none uagb-columns__stack-mobile uagb-columns__valign- uagb-columns__gap-10 align uagb-block-a55017ff uagb-columns__columns-2 uagb-columns__max_width-theme\"><div class=\"uagb-columns__overlay\"><\/div><div class=\"uagb-columns__inner-wrap uagb-columns__columns-2\">\n<div class=\"wp-block-uagb-column uagb-column__wrap uagb-column__background-undefined uagb-block-fe8102ba\"><div class=\"uagb-column__overlay\"><\/div>\n<div class=\"wp-block-uagb-advanced-heading uagb-block-2951c08b\"><h3 class=\"uagb-heading-text\">COMO FUNCIONA<\/h3><div class=\"uagb-separator\"><\/div><\/div>\n\n\n\n<p class=\"has-text-color translation-block\" style=\"color:#6c6b6b\">El proceso de la Realizaci\u00f3n del Ser se da sin esfuerzo y es espont\u00e1neo. La energ\u00eda <a href=\"https:\/\/us.sahajayoga.org\/es\/the-kundalini\/\" target=\"_blank\" rel=\"noreferrer noopener\">Kundalini<\/a>, que descansa silenciosa en la base de la columna vertebral, se despierta suavemente. Esta energ\u00eda sube a trav\u00e9s de la columna vertebral, atravesando e integrando los centros de energ\u00eda (<a href=\"https:\/\/us.sahajayoga.org\/es\/chakras\/\" target=\"_blank\" rel=\"noreferrer noopener\">chakras<\/a>). Cuando esta energ\u00eda individual llega finalmente al tope de la cabeza, nos conecta con el poder omnipresente del Amor Divino \u2013Paramchaitanya-. Cuando esta conexi\u00f3n ocurre, se produce un flujo de vibraciones que se puede percibir como una brisa. Esta es una experiencia directa, tangible. Lo puedes percibir a trav\u00e9s del sistema nervioso como una brisa suave en las palmas de las manos y en la cabeza. Te relajas. Tu atenci\u00f3n se aclara y se purifica, entrando en un estado de paz meditativo y de conciencia sin pensamientos.<\/p>\n<\/div>\n\n\n\n<div class=\"wp-block-uagb-column uagb-column__wrap uagb-column__background-undefined uagb-block-40fc6841\"><div class=\"uagb-column__overlay\"><\/div>\n<figure class=\"wp-block-video\"><video height=\"1080\" style=\"aspect-ratio: 1920 \/ 1080;\" width=\"1920\" autoplay controls loop muted src=\"https:\/\/us.sahajayoga.org\/wp-content\/uploads\/2023\/06\/Kundalini-Rising-137140.mp4\"><\/video><\/figure>\n<\/div>\n<\/div><\/section>\n\n\n\n<section class=\"wp-block-uagb-columns uagb-columns__wrap uagb-columns__background-color uagb-columns__stack-mobile uagb-columns__valign- uagb-columns__gap-10 align uagb-block-76c2e897 uagb-columns__columns-1 uagb-columns__max_width-theme\"><div class=\"uagb-columns__overlay\"><\/div><div class=\"uagb-columns__shape uagb-columns__shape-top uagb-columns__shape-above-content\"><svg xmlns=\"https:\/\/www.w3.org\/2000\/svg\" viewbox=\"0 0 1000 100\" preserveaspectratio=\"none\"><path class=\"uagb-columns__shape-fill\" opacity=\"0.33\" d=\"M473,67.3c-203.9,88.3-263.1-34-320.3,0C66,119.1,0,59.7,0,59.7V0h1000v59.7 c0,0-62.1,26.1-94.9,29.3c-32.8,3.3-62.8-12.3-75.8-22.1C806,49.6,745.3,8.7,694.9,4.7S492.4,59,473,67.3z\"><\/path><path class=\"uagb-columns__shape-fill\" opacity=\"0.66\" d=\"M734,67.3c-45.5,0-77.2-23.2-129.1-39.1c-28.6-8.7-150.3-10.1-254,39.1 s-91.7-34.4-149.2,0C115.7,118.3,0,39.8,0,39.8V0h1000v36.5c0,0-28.2-18.5-92.1-18.5C810.2,18.1,775.7,67.3,734,67.3z\"><\/path><path class=\"uagb-columns__shape-fill\" d=\"M766.1,28.9c-200-57.5-266,65.5-395.1,19.5C242,1.8,242,5.4,184.8,20.6C128,35.8,132.3,44.9,89.9,52.5C28.6,63.7,0,0,0,0 h1000c0,0-9.9,40.9-83.6,48.1S829.6,47,766.1,28.9z\"><\/path><\/svg><\/div><div class=\"uagb-columns__inner-wrap uagb-columns__columns-1\">\n<div class=\"wp-block-uagb-column uagb-column__wrap uagb-column__background-undefined uagb-block-91a9ddd7\"><div class=\"uagb-column__overlay\"><\/div>\n<p class=\"has-white-color has-text-color\">Sahaja Yoga se practica en todo el mundo. Las clases de meditaci\u00f3n se ofrecen siempre sin costo alguno y son conducidas por practicantes experimentados que ofrecen su tiempo para compartir lo que han aprendido.<\/p>\n\n\n\n<div class=\"wp-block-columns is-layout-flex wp-container-core-columns-is-layout-cc9f741c wp-block-columns-is-layout-flex\" style=\"margin-top:60px;margin-bottom:0px;padding-top:0px;padding-right:0px;padding-bottom:0px;padding-left:0px\">\n<div class=\"wp-block-column is-layout-flow wp-block-column-is-layout-flow\" style=\"flex-basis:49.8%\">\n<figure class=\"wp-block-image size-full is-resized\"><a href=\"https:\/\/us.sahajayoga.org\/es\/\"><img decoding=\"async\" src=\"https:\/\/us.sahajayoga.org\/wp-content\/uploads\/2022\/10\/SYM-logo-all-white.png\" alt=\"\" class=\"wp-image-7873\" width=\"221\" srcset=\"https:\/\/us.sahajayoga.org\/wp-content\/uploads\/2022\/10\/SYM-logo-all-white.png 719w, https:\/\/us.sahajayoga.org\/wp-content\/uploads\/2022\/10\/SYM-logo-all-white-300x59.png 300w, https:\/\/us.sahajayoga.org\/wp-content\/uploads\/2022\/10\/SYM-logo-all-white-18x4.png 18w\" sizes=\"(max-width: 719px) 100vw, 719px\" \/><\/a><\/figure>\n<\/div>\n\n\n\n<div class=\"wp-block-column is-layout-flow wp-block-column-is-layout-flow\" style=\"flex-basis:285px\">\n<figure class=\"wp-block-image size-full is-resized\"><a href=\"https:\/\/www.meetup.com\/sahaja-yoga-usa\/\" target=\"_blank\" rel=\"noreferrer noopener\"><img decoding=\"async\" src=\"https:\/\/us.sahajayoga.org\/wp-content\/uploads\/2022\/10\/Join-Our-Meetup-Button-2.png\" alt=\"\" class=\"wp-image-8306\" width=\"221\" srcset=\"https:\/\/us.sahajayoga.org\/wp-content\/uploads\/2022\/10\/Join-Our-Meetup-Button-2.png 442w, https:\/\/us.sahajayoga.org\/wp-content\/uploads\/2022\/10\/Join-Our-Meetup-Button-2-300x60.png 300w, https:\/\/us.sahajayoga.org\/wp-content\/uploads\/2022\/10\/Join-Our-Meetup-Button-2-18x4.png 18w\" sizes=\"(max-width: 442px) 100vw, 442px\" \/><\/a><\/figure>\n<\/div>\n\n\n\n<div class=\"wp-block-column is-layout-flow wp-block-column-is-layout-flow\" style=\"flex-basis:20%\">\n<figure class=\"wp-block-image size-full is-resized\"><a href=\"https:\/\/us.sahajayoga.org\/es\/contact-us\/\"><img decoding=\"async\" src=\"https:\/\/us.sahajayoga.org\/wp-content\/uploads\/2022\/10\/Contact-Us-Button.png\" alt=\"\" class=\"wp-image-8305\" width=\"221\" srcset=\"https:\/\/us.sahajayoga.org\/wp-content\/uploads\/2022\/10\/Contact-Us-Button.png 442w, https:\/\/us.sahajayoga.org\/wp-content\/uploads\/2022\/10\/Contact-Us-Button-300x60.png 300w, https:\/\/us.sahajayoga.org\/wp-content\/uploads\/2022\/10\/Contact-Us-Button-18x4.png 18w\" sizes=\"(max-width: 442px) 100vw, 442px\" \/><\/a><\/figure>\n<\/div>\n<\/div>\n<\/div>\n<\/div><\/section>","protected":false},"excerpt":{"rendered":"<p>SAHAJA YOGA BEGINS WITH SELF-REALIZATION IT STARTS WITH SEEKING Do you feel like you are seeking something, looking for a kind of fulfillment that you can never quite attain? It\u2019s not family, career success or anything material but something\u2026 deeper. It\u2019s like you know there is more to your existence than that. What if you [&hellip;]<\/p>","protected":false},"author":1,"featured_media":0,"parent":0,"menu_order":0,"comment_status":"closed","ping_status":"closed","template":"","meta":{"_uag_custom_page_level_css":"","site-sidebar-layout":"no-sidebar","site-content-layout":"page-builder","ast-site-content-layout":"full-width-container","site-content-style":"unboxed","site-sidebar-style":"unboxed","ast-global-header-display":"","ast-banner-title-visibility":"","ast-main-header-display":"","ast-hfb-above-header-display":"","ast-hfb-below-header-display":"","ast-hfb-mobile-header-display":"","site-post-title":"disabled","ast-breadcrumbs-content":"","ast-featured-img":"disabled","footer-sml-layout":"","theme-transparent-header-meta":"default","adv-header-id-meta":"","stick-header-meta":"","header-above-stick-meta":"","header-main-stick-meta":"","header-below-stick-meta":"","astra-migrate-meta-layouts":"set","ast-page-background-enabled":"default","ast-page-background-meta":{"desktop":{"background-color":"","background-image":"","background-repeat":"repeat","background-position":"center center","background-size":"auto","background-attachment":"scroll","background-type":"","background-media":"","overlay-type":"","overlay-color":"","overlay-opacity":"","overlay-gradient":""},"tablet":{"background-color":"","background-image":"","background-repeat":"repeat","background-position":"center center","background-size":"auto","background-attachment":"scroll","background-type":"","background-media":"","overlay-type":"","overlay-color":"","overlay-opacity":"","overlay-gradient":""},"mobile":{"background-color":"","background-image":"","background-repeat":"repeat","background-position":"center center","background-size":"auto","background-attachment":"scroll","background-type":"","background-media":"","overlay-type":"","overlay-color":"","overlay-opacity":"","overlay-gradient":""}},"ast-content-background-meta":{"desktop":{"background-color":"var(--ast-global-color-5)","background-image":"","background-repeat":"repeat","background-position":"center center","background-size":"auto","background-attachment":"scroll","background-type":"","background-media":"","overlay-type":"","overlay-color":"","overlay-opacity":"","overlay-gradient":""},"tablet":{"background-color":"var(--ast-global-color-5)","background-image":"","background-repeat":"repeat","background-position":"center center","background-size":"auto","background-attachment":"scroll","background-type":"","background-media":"","overlay-type":"","overlay-color":"","overlay-opacity":"","overlay-gradient":""},"mobile":{"background-color":"var(--ast-global-color-5)","background-image":"","background-repeat":"repeat","background-position":"center center","background-size":"auto","background-attachment":"scroll","background-type":"","background-media":"","overlay-type":"","overlay-color":"","overlay-opacity":"","overlay-gradient":""}},"footnotes":""},"class_list":["post-1651","page","type-page","status-publish","hentry"],"uagb_featured_image_src":{"full":false,"thumbnail":false,"medium":false,"medium_large":false,"large":false,"1536x1536":false,"2048x2048":false,"trp-custom-language-flag":false},"uagb_author_info":{"display_name":"","author_link":"https:\/\/us.sahajayoga.org\/es\/author\/"},"uagb_comment_info":0,"uagb_excerpt":"SAHAJA YOGA BEGINS WITH SELF-REALIZATION IT STARTS WITH SEEKING Do you feel like you are seeking something, looking for a kind of fulfillment that you can never quite attain? It\u2019s not family, career success or anything material but something\u2026 deeper. It\u2019s like you know there is more to your existence than that. What if you&hellip;","_links":{"self":[{"href":"https:\/\/us.sahajayoga.org\/es\/wp-json\/wp\/v2\/pages\/1651","targetHints":{"allow":["GET"]}}],"collection":[{"href":"https:\/\/us.sahajayoga.org\/es\/wp-json\/wp\/v2\/pages"}],"about":[{"href":"https:\/\/us.sahajayoga.org\/es\/wp-json\/wp\/v2\/types\/page"}],"author":[{"embeddable":true,"href":"https:\/\/us.sahajayoga.org\/es\/wp-json\/wp\/v2\/users\/1"}],"replies":[{"embeddable":true,"href":"https:\/\/us.sahajayoga.org\/es\/wp-json\/wp\/v2\/comments?post=1651"}],"version-history":[{"count":10,"href":"https:\/\/us.sahajayoga.org\/es\/wp-json\/wp\/v2\/pages\/1651\/revisions"}],"predecessor-version":[{"id":22283,"href":"https:\/\/us.sahajayoga.org\/es\/wp-json\/wp\/v2\/pages\/1651\/revisions\/22283"}],"wp:attachment":[{"href":"https:\/\/us.sahajayoga.org\/es\/wp-json\/wp\/v2\/media?parent=1651"}],"curies":[{"name":"wp","href":"https:\/\/api.w.org\/{rel}","templated":true}]}}